{"id":126,"date":"2018-06-13T11:44:49","date_gmt":"2018-06-13T11:44:49","guid":{"rendered":"http:\/\/teskesyem.org.tr\/?page_id=126"},"modified":"2020-06-05T07:40:41","modified_gmt":"2020-06-05T07:40:41","slug":"esyem-hakkinda","status":"publish","type":"page","link":"http:\/\/teskesyem.org.tr\/?page_id=126","title":{"rendered":"ESYEM Hakk\u0131nda"},"content":{"rendered":"\n<p class=\"has-medium-font-size\">Yetkilendirilmi\u015f Belgelendirme Kurulu\u015fu; T\u00fcrk Akreditasyon Kurumu (T\u00dcRKAK) taraf\u0131ndan yada Avrupa Akreditasyon Birli\u011fi B\u00fcnyesinde \u00e7ok tarafl\u0131 tan\u0131ma anla\u015fmas\u0131 imzalam\u0131\u015f ba\u015fka akreditasyon kurumlar\u0131nca ilgili ulusal yeterliliklerde TS EN ISO\/IEC 17024 standard\u0131na g\u00f6re akredite edimi\u015f, Mesleki Yeterlilik Kurumu (MYK) taraf\u0131ndan yap\u0131lan inceleme, denetim ve de\u011ferlendirme sonucunda ulusal yeterliliklere g\u00f6re s\u0131nav ve belgelendirme faaliyetlerini y\u00fcr\u00fctmek i\u00e7in gerekli \u015fartlar\u0131 sa\u011flad\u0131\u011f\u0131 tespit edilen belgelendirme kurulu\u015fudur.<\/p>\n\n\n\n<p class=\"has-medium-font-size\">T\u00fcrkiye Esnaf ve Sanatkarlar\u0131 Konfederasyonu- Esnaf ve Sanatkarlar Yeterlilik Merkezi \u0130ktisadi \u0130\u015fletmesi (TESK ESYEM), Mesleki Yeterlilik Kurumu (MYK) taraf\u0131ndan yetki kapsam\u0131ndaki ulusal yeterliliklere g\u00f6re s\u0131nav ve belgelendirme faaliyetlerini y\u00fcr\u00fcten Yetkilendirilmi\u015f Belgelendirme Kurulu\u015fudur.<\/p>\n\n\n\n<p class=\"has-medium-font-size\">MYK web sitesine ula\u015fmak i\u00e7in&nbsp;<u><strong><a href=\"https:\/\/www.myk.gov.tr\/\">t\u0131klay\u0131n\u0131z.<\/a><\/strong><\/u><\/p>\n\n\n\n<p class=\"has-medium-font-size\">Ulusal yeterliliklere ula\u015fmak i\u00e7in&nbsp;<u><strong><a href=\"https:\/\/portal.myk.gov.tr\/index.php?option=com_yeterlilik&amp;view=arama\">t\u0131klay\u0131n\u0131z.<\/a><\/strong><\/u><\/p>\n\n\n\n<p class=\"has-medium-font-size\">T\u00fcrkiye Esnaf ve Sanatkarlar\u0131 Konfederasyonu- Esnaf ve Sanatkarlar Yeterlilik Merkezi \u0130ktisadi \u0130\u015fletmesi (TESK ESYEM), 16.06.2017 tarihinde AB-0153-P akreditasyon numaras\u0131 ile&nbsp;T\u00fcrk Akreditasyon Kurumu (T\u00dcRKAK) taraf\u0131ndan akredite edilmi\u015f ve 18.09.2017 tarihinde YB0093 kodu ile Mesleki Yeterlilik Kurumu (MYK) taraf\u0131ndan yetkilendirilerek yetki kapsam\u0131ndaki ulusal yeterliliklerde s\u0131nav ve belgelendirme faaliyetlerine resmen ba\u015flam\u0131\u015ft\u0131r.<\/p>\n\n\n\n<p class=\"has-medium-font-size\">MYK Yetki Belgesi i\u00e7in&nbsp;<u><strong><a href=\"http:\/\/www.teskesyem.org.tr\/index.php\">t\u0131klay\u0131n\u0131z.<\/a><\/strong><\/u><\/p>\n","protected":false},"excerpt":{"rendered":"<p>Yetkilendirilmi\u015f Belgelendirme Kurulu\u015fu; T\u00fcrk Akreditasyon Kurumu (T\u00dcRKAK) taraf\u0131ndan yada Avrupa Akreditasyon Birli\u011fi B\u00fcnyesinde \u00e7ok tarafl\u0131 tan\u0131ma anla\u015fmas\u0131 imzalam\u0131\u015f ba\u015fka akreditasyon kurumlar\u0131nca ilgili ulusal yeterliliklerde TS EN ISO\/IEC 17024 standard\u0131na g\u00f6re akredite edimi\u015f, Mesleki Yeterlilik Kurumu (MYK) taraf\u0131ndan yap\u0131lan inceleme, denetim ve de\u011ferlendirme sonucunda ulusal yeterliliklere g\u00f6re s\u0131nav ve belgelendirme faaliyetlerini y\u00fcr\u00fctmek i\u00e7in gerekli \u015fartlar\u0131 sa\u011flad\u0131\u011f\u0131 [&hellip;]<\/p>\n","protected":false},"author":1,"featured_media":0,"parent":0,"menu_order":0,"comment_status":"closed","ping_status":"closed","template":"","meta":{"footnotes":""},"_links":{"self":[{"href":"http:\/\/teskesyem.org.tr\/index.php?rest_route=\/wp\/v2\/pages\/126"}],"collection":[{"href":"http:\/\/teskesyem.org.tr\/index.php?rest_route=\/wp\/v2\/pages"}],"about":[{"href":"http:\/\/teskesyem.org.tr\/index.php?rest_route=\/wp\/v2\/types\/page"}],"author":[{"embeddable":true,"href":"http:\/\/teskesyem.org.tr\/index.php?rest_route=\/wp\/v2\/users\/1"}],"replies":[{"embeddable":true,"href":"http:\/\/teskesyem.org.tr\/index.php?rest_route=%2Fwp%2Fv2%2Fcomments&post=126"}],"version-history":[{"count":3,"href":"http:\/\/teskesyem.org.tr\/index.php?rest_route=\/wp\/v2\/pages\/126\/revisions"}],"predecessor-version":[{"id":1150,"href":"http:\/\/teskesyem.org.tr\/index.php?rest_route=\/wp\/v2\/pages\/126\/revisions\/1150"}],"wp:attachment":[{"href":"http:\/\/teskesyem.org.tr\/index.php?rest_route=%2Fwp%2Fv2%2Fmedia&parent=126"}],"curies":[{"name":"wp","href":"https:\/\/api.w.org\/{rel}","templated":true}]}}