{"id":128,"date":"2018-06-13T11:45:50","date_gmt":"2018-06-13T11:45:50","guid":{"rendered":"http:\/\/teskesyem.org.tr\/?page_id=128"},"modified":"2024-04-17T10:01:55","modified_gmt":"2024-04-17T10:01:55","slug":"ust-yonetim-tarafsizlik-beyani","status":"publish","type":"page","link":"http:\/\/teskesyem.org.tr\/?page_id=128","title":{"rendered":"\u00dcst Y\u00f6netim Tarafs\u0131zl\u0131k Beyan\u0131"},"content":{"rendered":"<p><img loading=\"lazy\" decoding=\"async\" class=\"alignnone wp-image-413 size-full\" src=\"http:\/\/teskesyem.org.tr\/wp-content\/uploads\/2018\/07\/Tarafs\u0131zl\u0131k-Taahh\u00fctnamesi.jpg\" alt=\"\" width=\"2550\" height=\"3509\" srcset=\"http:\/\/teskesyem.org.tr\/wp-content\/uploads\/2018\/07\/Tarafs\u0131zl\u0131k-Taahh\u00fctnamesi.jpg 2550w, http:\/\/teskesyem.org.tr\/wp-content\/uploads\/2018\/07\/Tarafs\u0131zl\u0131k-Taahh\u00fctnamesi-218x300.jpg 218w, http:\/\/teskesyem.org.tr\/wp-content\/uploads\/2018\/07\/Tarafs\u0131zl\u0131k-Taahh\u00fctnamesi-768x1057.jpg 768w, http:\/\/teskesyem.org.tr\/wp-content\/uploads\/2018\/07\/Tarafs\u0131zl\u0131k-Taahh\u00fctnamesi-744x1024.jpg 744w, http:\/\/teskesyem.org.tr\/wp-content\/uploads\/2018\/07\/Tarafs\u0131zl\u0131k-Taahh\u00fctnamesi-1080x1486.jpg 1080w\" sizes=\"(max-width: 2550px) 100vw, 2550px\" \/><\/p>\n","protected":false},"excerpt":{"rendered":"","protected":false},"author":1,"featured_media":0,"parent":0,"menu_order":0,"comment_status":"closed","ping_status":"closed","template":"","meta":{"footnotes":""},"_links":{"self":[{"href":"http:\/\/teskesyem.org.tr\/index.php?rest_route=\/wp\/v2\/pages\/128"}],"collection":[{"href":"http:\/\/teskesyem.org.tr\/index.php?rest_route=\/wp\/v2\/pages"}],"about":[{"href":"http:\/\/teskesyem.org.tr\/index.php?rest_route=\/wp\/v2\/types\/page"}],"author":[{"embeddable":true,"href":"http:\/\/teskesyem.org.tr\/index.php?rest_route=\/wp\/v2\/users\/1"}],"replies":[{"embeddable":true,"href":"http:\/\/teskesyem.org.tr\/index.php?rest_route=%2Fwp%2Fv2%2Fcomments&post=128"}],"version-history":[{"count":4,"href":"http:\/\/teskesyem.org.tr\/index.php?rest_route=\/wp\/v2\/pages\/128\/revisions"}],"predecessor-version":[{"id":415,"href":"http:\/\/teskesyem.org.tr\/index.php?rest_route=\/wp\/v2\/pages\/128\/revisions\/415"}],"wp:attachment":[{"href":"http:\/\/teskesyem.org.tr\/index.php?rest_route=%2Fwp%2Fv2%2Fmedia&parent=128"}],"curies":[{"name":"wp","href":"https:\/\/api.w.org\/{rel}","templated":true}]}}