{"id":155,"date":"2018-06-13T11:56:05","date_gmt":"2018-06-13T11:56:05","guid":{"rendered":"http:\/\/teskesyem.org.tr\/?page_id=155"},"modified":"2018-07-17T08:39:48","modified_gmt":"2018-07-17T08:39:48","slug":"basvuru-sureci","status":"publish","type":"page","link":"http:\/\/teskesyem.org.tr\/?page_id=155","title":{"rendered":"Ba\u015fvuru S\u00fcreci"},"content":{"rendered":"<p><strong>EVRAK L\u0130STES\u0130<\/strong><\/p>\n<p>S\u0131nav program\u0131na ba\u015fvuran adaylar\u0131n, ba\u015fvurular\u0131n\u0131n onaylanmas\u0131 ve kesin kay\u0131tlar\u0131n\u0131n yap\u0131labilmesi i\u00e7in a\u015fa\u011f\u0131daki evraklar\u0131n, en ge\u00e7 s\u0131nav tarihinden 14 g\u00fcn \u00f6nce ESYEM \u2019e elden ya da kargo ile g\u00f6ndermeleri gerekmektedir.<\/p>\n<ul>\n<li>N\u00fcfus C\u00fczdan\u0131 ve Fotokopisi<\/li>\n<li>Banka Dekontu<\/li>\n<li>Eksiksiz Doldurulmu\u015f Islak \u0130mzal\u0131\u00a0<a href=\"http:\/\/teskesyem.org.tr\/wp-content\/uploads\/2018\/07\/FR-01-Ba\u015fvuru-Formu-ve-Belgelendirme-Taahh\u00fcd\u00fc.pdf\" target=\"_blank\" rel=\"noopener\"><strong>FR-01-<\/strong>\u00a0<strong>Ba\u015fvuru Formu ve Belgelendirme Taahh\u00fcd\u00fc<\/strong>\u00a0<strong>Formu i\u00e7in t\u0131klay\u0131n\u0131z<\/strong>.<\/a><\/li>\n<\/ul>\n<p><strong>\u00dcCRETLER<\/strong><\/p>\n<p>Belgelendirme istenen yeterlilik ve birim ba\u015fvurusu i\u00e7in;\u00a0<a href=\"http:\/\/teskesyem.org.tr\/wp-content\/uploads\/2018\/07\/FR-53-S\u0131nav-ve-Belgelendirme-\u00dccret-Tarifesi-Formu.pdf\" target=\"_blank\" rel=\"noopener\"><strong>FR-53- S\u0131nav ve Belgelendirme \u00dccret Tarifesi Formu\u00a0<\/strong><\/a>\u2019nda belirtilen \u00fccret bankaya yat\u0131r\u0131l\u0131r.<\/p>\n<p><strong>BA\u015eVURU<\/strong><\/p>\n<p><strong>Elden Ba\u015fvuru<\/strong><\/p>\n<p>\u0130stenen belgeleri s\u0131nav tarihinden 14 g\u00fcn \u00f6ncesine kadar elden veya posta yoluyla s\u0131nav merkezine ula\u015ft\u0131ran adaylar\u0131n evraklar\u0131 \u0130dari Personel taraf\u0131ndan kontrol edilir. Tamamlanm\u0131\u015f ise S\u0131nav Hizmetleri Sorumlusu \u2019nun onay\u0131na sunulur. E\u011fer tamamlanmam\u0131\u015f ise aday\u0131n ba\u015fvurusu kabul edilmez, eksik belgeleri taraf\u0131na bildirilir ve tamamland\u0131\u011f\u0131nda ba\u015fvurusu kabul edilir.<\/p>\n<p>Ba\u015fvurusu onaylanan her ba\u015fvuru sahibine\u00a0<a href=\"http:\/\/teskesyem.org.tr\/wp-content\/uploads\/2018\/07\/FR-28-S\u0131nav-Giri\u015f-Kart\u0131-Formu-1.pdf\" target=\"_blank\" rel=\"noopener\"><strong>FR-28- S\u0131nav Giri\u015f Kart\u0131<\/strong><\/a>\u00a0e-posta yoluyla g\u00f6nderilir. E-postas\u0131 bulunmayan adaylar, FR-28- S\u0131nav Giri\u015f Kart\u0131\u2019n\u0131 ESYEM \u2019den kimlik g\u00f6stermek suretiyle teslim alabilir.\u201d<\/p>\n<p><strong>Web Sitesinden Ba\u015fvuru<\/strong><\/p>\n<p>Ba\u015fvurular\u00a0<a href=\"https:\/\/teskesyem.voc-tester.com\/basvuru\">https:\/\/teskesyem.voc-tester.com\/basvuru<\/a>\u00a0adresinden yap\u0131l\u0131r.<\/p>\n<ul>\n<li>\u0130lk kez s\u0131nava ba\u015fvuracak adaylar\u00a0<a href=\"https:\/\/teskesyem.voc-tester.com\/ilk-kayit\"><strong>\u201c\u0130lk Ba\u015fvuru\u201d<\/strong><\/a>\u00a0butonunu kullan\u0131r.<\/li>\n<li>Daha \u00f6nce ba\u015fka bir kurulu\u015fta belge ba\u015fvurusu yapan adaylar ve ge\u00e7ti\u011fi birimleri belgeleyerek belgelendirme i\u015flemine devam eden adaylar\u00a0<strong><a href=\"https:\/\/teskesyem.voc-tester.com\/birim-birlestirme\">\u201cBirim Birle\u015ftirme\u201d<\/a>\u00a0<\/strong>butonunu kullan\u0131r.<\/li>\n<li>\u0130kinci veya \u00fc\u00e7\u00fcnc\u00fc s\u0131nav hakk\u0131n\u0131 kullanacak adaylar\u00a0<strong><a href=\"https:\/\/teskesyem.voc-tester.com\/giris\">Tekrar Ba\u015fvuru<\/a>\u00a0<\/strong>yaz\u0131l\u0131 butonu kullan\u0131r.<\/li>\n<\/ul>\n<ul>\n<li>Bir belge ba\u015fvurusu olan ve farkl\u0131 bir yeterlilikte yeni belge ba\u015fvurusunda bulunmak isteyen adaylar\u00a0<strong><a href=\"https:\/\/teskesyem.voc-tester.com\/giris\">Yeni Belge Ba\u015fvurusu<\/a>\u00a0<\/strong>butonunu kullan\u0131r.<\/li>\n<li>Mevcut belgesinin s\u00fcresini uzatmak isteyen adaylar, belge biti\u015f tarihi yakla\u015ft\u0131ysa\u00a0<strong><a href=\"https:\/\/teskesyem.voc-tester.com\/yeniden-belgelendirme\">Yeniden Belgelendirme<\/a>\u00a0<\/strong>butonuna t\u0131klayarak ba\u015fvurusunu yapabilirler.<\/li>\n<li>Sisteme daha \u00f6nce kay\u0131t olan adaylar sistemde sa\u011f \u00fcstteki\u00a0<strong><a href=\"https:\/\/teskesyem.voc-tester.com\/giris\">Aday Giri\u015fi<\/a>\u00a0<\/strong>butonuna basarak giri\u015f yapabilirlerBu sisteme kay\u0131t yap\u0131l\u0131rken a\u015fa\u011f\u0131daki bilgileri i\u00e7eren formu eksiksiz doldurulur. Bu formda;<\/li>\n<li>Ki\u015fisel Bilgiler (Kimlik Fotokopisi vb.)<\/li>\n<li>\u00d6deme \u0130\u015flemleri(Banka Dekontu)<\/li>\n<li>\u00c7al\u0131\u015fma ve \u0130\u015fyeri Bilgileri<\/li>\n<li>E\u011fitim Durumu<\/li>\n<li>Belge Teslim \u015eekli<\/li>\n<li>Adaylar bu b\u00f6l\u00fcm\u00fc eksiksiz doldurduktan sonra\u00a0<strong>\u201cBa\u015fvuru Taahh\u00fcd\u00fc ve S\u0131nav \u015eartlar\u0131\u201d<\/strong>\u00a0n\u0131 kabul eder ve ba\u015fvuru i\u015flemini tamamlar. Ba\u015fvurusu kabul edilen adaylara e posta ile\u00a0<strong>FR-28- S\u0131nav Giri\u015f Belgesi\u00a0<\/strong>g\u00f6nderilir.<strong>Not:<\/strong>\u00a0Hen\u00fcz a\u00e7\u0131lm\u0131\u015f bir s\u0131nav yok ise veya a\u00e7\u0131lm\u0131\u015f s\u0131nav programlar\u0131 adaylara uygun de\u011fil ise ba\u015fvuru talebi i\u00e7in \u0130lk Ba\u015fvuru butonundan \u201cGenel ba\u015fvuru\u201d se\u00e7ilir ve aday kendisi ile ilgili genel bilgileri girerek ba\u015fvuru talebi olu\u015fturur.<\/li>\n<li>Akreditasyon kapsam\u0131ndaki yeterliliklerde MYK&#8217;n\u0131n yay\u0131nlad\u0131\u011f\u0131 Ulusal Yeterliliklerde belirtilen \u015fekilde \u00f6n \u015fart aranmaktad\u0131r.<\/li>\n<li>Ba\u015fvuru sahipleri s\u0131navlar\u0131n \u00f6n \u015fart\u0131 vb. i\u00e7in ilgili alan\u0131n &#8220;Belgelendirme Program\u0131&#8221; na esas<a href=\"https:\/\/portal.myk.gov.tr\/index.php?option=com_yeterlilik&amp;view=arama\">\u00a0<\/a><strong><a href=\"http:\/\/portal.myk.gov.tr\/index.php?option=com_yeterlilik&amp;view=arama\"><u>Ulusal Yeterlilikler<\/u><\/a>\u00a0<\/strong>\u2019i inceleyebilirler.<\/li>\n<\/ul>\n","protected":false},"excerpt":{"rendered":"<p>EVRAK L\u0130STES\u0130 S\u0131nav program\u0131na ba\u015fvuran adaylar\u0131n, ba\u015fvurular\u0131n\u0131n onaylanmas\u0131 ve kesin kay\u0131tlar\u0131n\u0131n yap\u0131labilmesi i\u00e7in a\u015fa\u011f\u0131daki evraklar\u0131n, en ge\u00e7 s\u0131nav tarihinden 14 g\u00fcn \u00f6nce ESYEM \u2019e elden ya da kargo ile g\u00f6ndermeleri gerekmektedir. N\u00fcfus C\u00fczdan\u0131 ve Fotokopisi Banka Dekontu Eksiksiz Doldurulmu\u015f Islak \u0130mzal\u0131\u00a0FR-01-\u00a0Ba\u015fvuru Formu ve Belgelendirme Taahh\u00fcd\u00fc\u00a0Formu i\u00e7in t\u0131klay\u0131n\u0131z. \u00dcCRETLER Belgelendirme istenen yeterlilik ve birim ba\u015fvurusu i\u00e7in;\u00a0FR-53- [&hellip;]<\/p>\n","protected":false},"author":1,"featured_media":0,"parent":0,"menu_order":0,"comment_status":"closed","ping_status":"closed","template":"","meta":{"footnotes":""},"_links":{"self":[{"href":"http:\/\/teskesyem.org.tr\/index.php?rest_route=\/wp\/v2\/pages\/155"}],"collection":[{"href":"http:\/\/teskesyem.org.tr\/index.php?rest_route=\/wp\/v2\/pages"}],"about":[{"href":"http:\/\/teskesyem.org.tr\/index.php?rest_route=\/wp\/v2\/types\/page"}],"author":[{"embeddable":true,"href":"http:\/\/teskesyem.org.tr\/index.php?rest_route=\/wp\/v2\/users\/1"}],"replies":[{"embeddable":true,"href":"http:\/\/teskesyem.org.tr\/index.php?rest_route=%2Fwp%2Fv2%2Fcomments&post=155"}],"version-history":[{"count":6,"href":"http:\/\/teskesyem.org.tr\/index.php?rest_route=\/wp\/v2\/pages\/155\/revisions"}],"predecessor-version":[{"id":548,"href":"http:\/\/teskesyem.org.tr\/index.php?rest_route=\/wp\/v2\/pages\/155\/revisions\/548"}],"wp:attachment":[{"href":"http:\/\/teskesyem.org.tr\/index.php?rest_route=%2Fwp%2Fv2%2Fmedia&parent=155"}],"curies":[{"name":"wp","href":"https:\/\/api.w.org\/{rel}","templated":true}]}}