{"id":186,"date":"2018-06-13T12:19:23","date_gmt":"2018-06-13T12:19:23","guid":{"rendered":"http:\/\/teskesyem.org.tr\/?page_id=186"},"modified":"2018-06-13T12:19:23","modified_gmt":"2018-06-13T12:19:23","slug":"turkak-ve-akreditasyon","status":"publish","type":"page","link":"http:\/\/teskesyem.org.tr\/?page_id=186","title":{"rendered":"T\u00dcRKAK ve Akreditasyon"},"content":{"rendered":"<p>T\u00dcRKAK ve Akreditasyon<\/p>\n<p>Akreditasyon uygunluk de\u011ferlendirme kurulu\u015flar\u0131nca ger\u00e7ekle\u015ftirilen \u00e7al\u0131\u015fmalar\u0131n ve dolay\u0131s\u0131yla bu \u00e7al\u0131\u015fmalar sonucunda d\u00fczenledikleri uygunluk teyit belgelerinin (deney ve muayene raporlar\u0131, kalibrasyon sertifikalar\u0131, y\u00f6netim sistemi belgeleri, \u00fcr\u00fcn belgeleri, personel belgeleri vb) g\u00fcvenilirli\u011fini ve ge\u00e7erlili\u011fini desteklemek amac\u0131yla olu\u015fturulmu\u015f bir kalite altyap\u0131s\u0131d\u0131r.<\/p>\n<p>Uygunluk de\u011ferlendirme kurulu\u015flar\u0131n\u0131n akreditasyonu, ilgili uygunluk de\u011ferlendirme kurulu\u015flar\u0131 i\u00e7in yeterlilik kriterlerini belirleyen uluslar aras\u0131 standardlar, ilgili sekt\u00f6re \u00f6zel gereklilikler ve b\u00f6lgesel veya uluslar aras\u0131 akreditasyon kurulu\u015flar\u0131 taraf\u0131ndan belirlenmi\u015f rehber dok\u00fcmanlarda belirlenmi\u015f, d\u00fcnya genelinde kabul g\u00f6rmekte olan, gereklilikler esas al\u0131narak ger\u00e7ekle\u015ftirilmektedir.<\/p>\n<p>Akredite bir uygunluk de\u011ferlendirme kurulu\u015funca verilmi\u015f bir uygunluk belgesine sahip bir \u00fcr\u00fcn veya hizmet, bu \u00fcr\u00fcn veya hizmet i\u00e7in uygulanabilir olan gereklilikleri \u00a0sa\u011flamakta oldu\u011funa dair g\u00fcven telkin eder. Bu sistematik sayesinde akreditasyon ticarette teknik engellerin kald\u0131r\u0131lmas\u0131na katk\u0131da bulunmaktad\u0131r.<\/p>\n<p>Akredite hizmetlerin k\u00fcresel kabul\u00fc noktas\u0131nda ise akreditasyon hizmetinin kendisinin g\u00fcvenilirli\u011fi konusunda soru i\u015faretleri olu\u015fmaktad\u0131r. Akreditasyon kurulu\u015flar\u0131 aras\u0131ndaki g\u00fcven mekanizmas\u0131 ise akreditasyon kurulu\u015flar\u0131 taraf\u0131ndan olu\u015fturulmu\u015f olan IAF (Uluslararas\u0131 Akreditasyon Forumu), ILAC (Uluslararas\u0131 Laborataur Akreditasyonu Birli\u011fi ), EA (Avrupa Akreditasyon Birli\u011fi) vb uluslar aras\u0131 veya b\u00f6lgesel \u00f6rg\u00fctler ile yap\u0131lmakta olan \u00e7ok tarafl\u0131 tan\u0131nma anla\u015fmalar\u0131 ile tesis edilmektedir.<\/p>\n<p>2001 y\u0131l\u0131nda akreditasyon hizmeti vermeye ba\u015flam\u0131\u015f olan T\u00dcRKAK\u00a02008 y\u0131l\u0131 itibari ile kar\u015f\u0131l\u0131kl\u0131 tan\u0131nma anla\u015fmalar\u0131na konu olan t\u00fcm akreditasyon alanlar\u0131nda Avrupa Akreditasyon Birli\u011fi ile kar\u015f\u0131l\u0131kl\u0131 tan\u0131nma anla\u015fmas\u0131 imzalam\u0131\u015f bulunmaktad\u0131r. T\u00dcRKAK\u00a0Avrupa Akreditasyon Birli\u011finin (EA), Uluslar aras\u0131 Akreditasyon Forumunun (IAF) ve\u00a0\u00a0Uluslar aras\u0131 Laboratuar Akreditasyonu Birli\u011finin (ILAC)\u00a0tam \u00fcyesi konumundad\u0131r.<\/p>\n<p>Kaynak T\u00dcRKAK<\/p>\n<p><img decoding=\"async\" src=\"http:\/\/www.turkak.org.tr\/TURKAKSITE\/images\/organizasyon_sema.png\" alt=\"Organizasyon \u015eemas\u0131\" \/><\/p>\n","protected":false},"excerpt":{"rendered":"<p>T\u00dcRKAK ve Akreditasyon Akreditasyon uygunluk de\u011ferlendirme kurulu\u015flar\u0131nca ger\u00e7ekle\u015ftirilen \u00e7al\u0131\u015fmalar\u0131n ve dolay\u0131s\u0131yla bu \u00e7al\u0131\u015fmalar sonucunda d\u00fczenledikleri uygunluk teyit belgelerinin (deney ve muayene raporlar\u0131, kalibrasyon sertifikalar\u0131, y\u00f6netim sistemi belgeleri, \u00fcr\u00fcn belgeleri, personel belgeleri vb) g\u00fcvenilirli\u011fini ve ge\u00e7erlili\u011fini desteklemek amac\u0131yla olu\u015fturulmu\u015f bir kalite altyap\u0131s\u0131d\u0131r. Uygunluk de\u011ferlendirme kurulu\u015flar\u0131n\u0131n akreditasyonu, ilgili uygunluk de\u011ferlendirme kurulu\u015flar\u0131 i\u00e7in yeterlilik kriterlerini belirleyen uluslar aras\u0131 [&hellip;]<\/p>\n","protected":false},"author":1,"featured_media":0,"parent":0,"menu_order":0,"comment_status":"closed","ping_status":"closed","template":"","meta":{"footnotes":""},"_links":{"self":[{"href":"http:\/\/teskesyem.org.tr\/index.php?rest_route=\/wp\/v2\/pages\/186"}],"collection":[{"href":"http:\/\/teskesyem.org.tr\/index.php?rest_route=\/wp\/v2\/pages"}],"about":[{"href":"http:\/\/teskesyem.org.tr\/index.php?rest_route=\/wp\/v2\/types\/page"}],"author":[{"embeddable":true,"href":"http:\/\/teskesyem.org.tr\/index.php?rest_route=\/wp\/v2\/users\/1"}],"replies":[{"embeddable":true,"href":"http:\/\/teskesyem.org.tr\/index.php?rest_route=%2Fwp%2Fv2%2Fcomments&post=186"}],"version-history":[{"count":1,"href":"http:\/\/teskesyem.org.tr\/index.php?rest_route=\/wp\/v2\/pages\/186\/revisions"}],"predecessor-version":[{"id":187,"href":"http:\/\/teskesyem.org.tr\/index.php?rest_route=\/wp\/v2\/pages\/186\/revisions\/187"}],"wp:attachment":[{"href":"http:\/\/teskesyem.org.tr\/index.php?rest_route=%2Fwp%2Fv2%2Fmedia&parent=186"}],"curies":[{"name":"wp","href":"https:\/\/api.w.org\/{rel}","templated":true}]}}