{"id":67,"date":"2018-06-12T16:21:25","date_gmt":"2018-06-12T16:21:25","guid":{"rendered":"http:\/\/teskesyem.org.tr\/?page_id=67"},"modified":"2026-02-22T13:32:30","modified_gmt":"2026-02-22T13:32:30","slug":"iletisim","status":"publish","type":"page","link":"http:\/\/teskesyem.org.tr\/?page_id=67","title":{"rendered":"\u0130LET\u0130\u015e\u0130M"},"content":{"rendered":"<p>[et_pb_section fb_built=&#8221;1&#8243; admin_label=&#8221;section&#8221; _builder_version=&#8221;3.0.47&#8243;][et_pb_row admin_label=&#8221;row&#8221; _builder_version=&#8221;3.0.48&#8243; background_size=&#8221;initial&#8221; background_position=&#8221;top_left&#8221; background_repeat=&#8221;repeat&#8221;][et_pb_column type=&#8221;4_4&#8243; _builder_version=&#8221;3.0.47&#8243; parallax=&#8221;off&#8221; parallax_method=&#8221;on&#8221;][et_pb_text admin_label=&#8221;Text&#8221; _builder_version=&#8221;3.0.74&#8243; background_size=&#8221;initial&#8221; background_position=&#8221;top_left&#8221; background_repeat=&#8221;repeat&#8221;]<\/p>\n<p style=\"text-align: center;\">TESK-ESYEM Merkez Ofis: Birlik Mahallesi 477.Sokak No.12 \u00c7ankaya\/ANKARA<\/p>\n<p style=\"text-align: center;\">Tel: (0312) 418 32 69\u00a0 Faks:\u00a0(0312) 495 85 83<\/p>\n<p style=\"text-align: center;\">Web: <a href=\"http:\/\/www.teskesyem.org.tr\">www.teskesyem.org.tr<\/a><\/p>\n<p style=\"text-align: center;\">E-posta. <a href=\"mailto:info@teskesyem.org.tr\">info@teskesyem.org.tr<\/a><\/p>\n<p>[\/et_pb_text][et_pb_button button_text=&#8221;Click Here&#8221; _builder_version=&#8221;3.6&#8243;][\/et_pb_button][\/et_pb_column][\/et_pb_row][\/et_pb_section]<\/p>\n","protected":false},"excerpt":{"rendered":"","protected":false},"author":1,"featured_media":0,"parent":0,"menu_order":6,"comment_status":"closed","ping_status":"closed","template":"","meta":{"footnotes":""},"_links":{"self":[{"href":"http:\/\/teskesyem.org.tr\/index.php?rest_route=\/wp\/v2\/pages\/67"}],"collection":[{"href":"http:\/\/teskesyem.org.tr\/index.php?rest_route=\/wp\/v2\/pages"}],"about":[{"href":"http:\/\/teskesyem.org.tr\/index.php?rest_route=\/wp\/v2\/types\/page"}],"author":[{"embeddable":true,"href":"http:\/\/teskesyem.org.tr\/index.php?rest_route=\/wp\/v2\/users\/1"}],"replies":[{"embeddable":true,"href":"http:\/\/teskesyem.org.tr\/index.php?rest_route=%2Fwp%2Fv2%2Fcomments&post=67"}],"version-history":[{"count":8,"href":"http:\/\/teskesyem.org.tr\/index.php?rest_route=\/wp\/v2\/pages\/67\/revisions"}],"predecessor-version":[{"id":1872,"href":"http:\/\/teskesyem.org.tr\/index.php?rest_route=\/wp\/v2\/pages\/67\/revisions\/1872"}],"wp:attachment":[{"href":"http:\/\/teskesyem.org.tr\/index.php?rest_route=%2Fwp%2Fv2%2Fmedia&parent=67"}],"curies":[{"name":"wp","href":"https:\/\/api.w.org\/{rel}","templated":true}]}}